{"id":992,"date":"2022-11-30T14:07:14","date_gmt":"2022-11-30T14:07:14","guid":{"rendered":"https:\/\/reps.fi\/reps-oy-ab\/"},"modified":"2022-12-20T13:56:51","modified_gmt":"2022-12-20T13:56:51","slug":"reps-oy-ab","status":"publish","type":"page","link":"https:\/\/reps.fi\/sv\/reps-oy-ab\/","title":{"rendered":"REPS Oy Ab som f\u00f6retag"},"content":{"rendered":"\n<div class=\"wp-block-columns is-layout-flex wp-container-core-columns-is-layout-9d6595d7 wp-block-columns-is-layout-flex\">\n<div class=\"wp-block-column is-layout-flow wp-block-column-is-layout-flow\">\n<p>REPS Oy Ab grundades \u00e5r 2005, d\u00e5 sinusinvertrarna var mogna f\u00f6r marknaden. Det var nu m\u00f6jligt, att f\u00e5 normal 230 V v\u00e4xelstr\u00f6m ut till holmar, \u00e4ven utanf\u00f6r det landsomfattande eln\u00e4tet.<\/p>\n\n\n\n<p>Under knappt tjugo \u00e5r har dessa invertersystem med batteribank blivit en del av det vardagliga stuglivet. REPS har aktivt bidragit till denna marknadsutveckling genom att importera branschens toppvaror och genom att skola upp \u00e5terf\u00f6rs\u00e4ljare och installat\u00f6rer i anv\u00e4ndningen av dessa.<\/p>\n\n\n\n<p>REPS har \u00e4ven varit med och elektrifierat holmar med fast \u00e5ret-om-bos\u00e4ttning, som fortfarande \u00e4r utom r\u00e4ckh\u00e5ll f\u00f6r eln\u00e4tet. V\u00e5r egen holme i Houtsk\u00e4r fick 230 V redan \u00e5r 2003, d\u00e5 jag b\u00f6rjade unders\u00f6ka dessa system och importerade v\u00e5rt eget system direkt fr\u00e5n USA. Egen anv\u00e4ndning och egna iakttagelser av utrustningens prestanda i yttersk\u00e4rg\u00e5rdens h\u00e5rda f\u00f6rh\u00e5llanden har varit viktigt, f\u00f6r att f\u00f6rst\u00e5 hur dessa system fungerar och f\u00f6r att kunna instruera andra anv\u00e4ndare.<\/p>\n<\/div>\n\n\n\n<div class=\"wp-block-column is-layout-flow wp-block-column-is-layout-flow\">\n<figure class=\"wp-block-image size-large is-resized\"><img loading=\"lazy\" decoding=\"async\" src=\"https:\/\/reps.fi\/wp-content\/uploads\/2022\/11\/Background_1-768x1024.jpg\" alt=\"\" class=\"wp-image-353\" width=\"446\" height=\"595\" srcset=\"https:\/\/reps.fi\/wp-content\/uploads\/2022\/11\/Background_1-768x1024.jpg 768w, https:\/\/reps.fi\/wp-content\/uploads\/2022\/11\/Background_1-600x800.jpg 600w, https:\/\/reps.fi\/wp-content\/uploads\/2022\/11\/Background_1-225x300.jpg 225w, https:\/\/reps.fi\/wp-content\/uploads\/2022\/11\/Background_1-1152x1536.jpg 1152w, https:\/\/reps.fi\/wp-content\/uploads\/2022\/11\/Background_1-1536x2048.jpg 1536w, https:\/\/reps.fi\/wp-content\/uploads\/2022\/11\/Background_1.jpg 1704w\" sizes=\"auto, (max-width: 446px) 100vw, 446px\" \/><\/figure>\n<\/div>\n<\/div>\n\n\n\n<div class=\"wp-block-columns is-layout-flex wp-container-core-columns-is-layout-9d6595d7 wp-block-columns-is-layout-flex\">\n<div class=\"wp-block-column is-layout-flow wp-block-column-is-layout-flow\" style=\"flex-basis:33.33%\">\n<figure class=\"wp-block-image size-large is-resized\"><img loading=\"lazy\" decoding=\"async\" src=\"https:\/\/reps.fi\/wp-content\/uploads\/2022\/11\/Background_2-768x1024.jpg\" alt=\"\" class=\"wp-image-365\" width=\"360\" height=\"480\" srcset=\"https:\/\/reps.fi\/wp-content\/uploads\/2022\/11\/Background_2-768x1024.jpg 768w, https:\/\/reps.fi\/wp-content\/uploads\/2022\/11\/Background_2-scaled-600x800.jpg 600w, https:\/\/reps.fi\/wp-content\/uploads\/2022\/11\/Background_2-225x300.jpg 225w, https:\/\/reps.fi\/wp-content\/uploads\/2022\/11\/Background_2-1152x1536.jpg 1152w, https:\/\/reps.fi\/wp-content\/uploads\/2022\/11\/Background_2-1536x2048.jpg 1536w, https:\/\/reps.fi\/wp-content\/uploads\/2022\/11\/Background_2-scaled.jpg 1920w\" sizes=\"auto, (max-width: 360px) 100vw, 360px\" \/><\/figure>\n<\/div>\n\n\n\n<div class=\"wp-block-column is-layout-flow wp-block-column-is-layout-flow\" style=\"flex-basis:66.66%\">\n<figure class=\"wp-block-pullquote has-medium-font-size\"><blockquote><p>P\u00e5 Tunhamn i Hitis sk\u00e4rg\u00e5rd har tv\u00e5 familjer levt med den 3-fasstr\u00f6m, som REPS levererade redan \u00e5r 2006. En v\u00e4sentlig komponent i denna helhet \u00e4r en SkyStream 3.7-vindturbin p\u00e5 sin 21-meters mast.<\/p><\/blockquote><\/figure>\n<\/div>\n<\/div>\n\n\n\n<hr class=\"wp-block-separator has-alpha-channel-opacity is-style-dots\"\/>\n\n\n\n<h2 class=\"wp-block-heading\">B2B<\/h2>\n\n\n\n<div class=\"wp-block-columns is-layout-flex wp-container-core-columns-is-layout-9d6595d7 wp-block-columns-is-layout-flex\">\n<div class=\"wp-block-column is-layout-flow wp-block-column-is-layout-flow\" style=\"flex-basis:66.66%\">\n<p>Ut\u00f6ver system f\u00f6r konsumenter, har REPS allt sedan starten levererat p\u00e5litliga system f\u00f6r professionella installationer. I \u00f6ver tio \u00e5rs tid har v\u00e5ra v\u00e4derstationer, liksom Finlands forskningsstation Aboa p\u00e5 Antarktis skickat v\u00e4derobservationer och m\u00e4tdata med hj\u00e4lp av de varor och det kunnande som REPS har bist\u00e5tt med.<\/p>\n\n\n\n<p>Linjetavlor, remmare, fyrar och andra lysanordningar s\u00e5v\u00e4l i Estland som i Finland f\u00e5r energi med hj\u00e4lp av vindm\u00f6llor, solpaneler, batterier och\/eller elektronik, som REPS har levererat. I dessa installationer betonas behovet av utrustningens drifts\u00e4kerhet i extrema v\u00e4derf\u00f6rh\u00e5llanden. Ofta har vi f\u00f6r dessa installationer funderat ut reservsystem, som tar vid, d\u00e5 n\u00e4r havets krafter till slut oftast \u00e4nd\u00e5 \u00f6vervinner det, som m\u00e4nniskan har byggt.<\/p>\n<\/div>\n\n\n\n<div class=\"wp-block-column is-layout-flow wp-block-column-is-layout-flow\" style=\"flex-basis:33.33%\">\n<figure class=\"wp-block-image size-large is-resized\"><img loading=\"lazy\" decoding=\"async\" src=\"https:\/\/reps.fi\/wp-content\/uploads\/2022\/11\/Suomen-tutkimusasema-Aboa_Antarctis-683x1024.jpg\" alt=\"\" class=\"wp-image-356\" width=\"360\" height=\"539\" srcset=\"https:\/\/reps.fi\/wp-content\/uploads\/2022\/11\/Suomen-tutkimusasema-Aboa_Antarctis-683x1024.jpg 683w, https:\/\/reps.fi\/wp-content\/uploads\/2022\/11\/Suomen-tutkimusasema-Aboa_Antarctis-scaled-600x900.jpg 600w, https:\/\/reps.fi\/wp-content\/uploads\/2022\/11\/Suomen-tutkimusasema-Aboa_Antarctis-200x300.jpg 200w, https:\/\/reps.fi\/wp-content\/uploads\/2022\/11\/Suomen-tutkimusasema-Aboa_Antarctis-768x1152.jpg 768w, https:\/\/reps.fi\/wp-content\/uploads\/2022\/11\/Suomen-tutkimusasema-Aboa_Antarctis-1024x1536.jpg 1024w, https:\/\/reps.fi\/wp-content\/uploads\/2022\/11\/Suomen-tutkimusasema-Aboa_Antarctis-1365x2048.jpg 1365w, https:\/\/reps.fi\/wp-content\/uploads\/2022\/11\/Suomen-tutkimusasema-Aboa_Antarctis-scaled.jpg 1707w\" sizes=\"auto, (max-width: 360px) 100vw, 360px\" \/><\/figure>\n<\/div>\n<\/div>\n\n\n\n<hr class=\"wp-block-separator has-alpha-channel-opacity is-style-dots\"\/>\n\n\n\n<h2 class=\"wp-block-heading\">Solpaneler<\/h2>\n\n\n\n<div class=\"wp-block-columns is-layout-flex wp-container-core-columns-is-layout-9d6595d7 wp-block-columns-is-layout-flex\">\n<div class=\"wp-block-column is-layout-flow wp-block-column-is-layout-flow\" style=\"flex-basis:33.33%\">\n<figure class=\"wp-block-image size-large\"><img loading=\"lazy\" decoding=\"async\" width=\"1024\" height=\"1024\" src=\"https:\/\/reps.fi\/wp-content\/uploads\/2022\/12\/410-full-black-1260x1260-1-1024x1024.jpg\" alt=\"\" class=\"wp-image-594\" srcset=\"https:\/\/reps.fi\/wp-content\/uploads\/2022\/12\/410-full-black-1260x1260-1-1024x1024.jpg 1024w, https:\/\/reps.fi\/wp-content\/uploads\/2022\/12\/410-full-black-1260x1260-1-250x250.jpg 250w, https:\/\/reps.fi\/wp-content\/uploads\/2022\/12\/410-full-black-1260x1260-1-100x100.jpg 100w, https:\/\/reps.fi\/wp-content\/uploads\/2022\/12\/410-full-black-1260x1260-1-600x600.jpg 600w, https:\/\/reps.fi\/wp-content\/uploads\/2022\/12\/410-full-black-1260x1260-1-300x300.jpg 300w, https:\/\/reps.fi\/wp-content\/uploads\/2022\/12\/410-full-black-1260x1260-1-150x150.jpg 150w, https:\/\/reps.fi\/wp-content\/uploads\/2022\/12\/410-full-black-1260x1260-1-768x768.jpg 768w, https:\/\/reps.fi\/wp-content\/uploads\/2022\/12\/410-full-black-1260x1260-1.jpg 1260w\" sizes=\"auto, (max-width: 1024px) 100vw, 1024px\" \/><figcaption class=\"wp-element-caption\">LONGi Full Black 405 &#8211; 410 Wp<\/figcaption><\/figure>\n<\/div>\n\n\n\n<div class=\"wp-block-column is-layout-flow wp-block-column-is-layout-flow\" style=\"flex-basis:66.66%\">\n<p>D\u00e5 REPS grundades, \u00e5r 2005 kostade solpaneler cirka 10 \u20ac\/W. En 80 Wp panel kostade d\u00e4rmed cirka 800 \u20ac. Idag har priset sjunkit med 95-97 %. Samtidigt har solpanelernas verkningsgrader avsev\u00e4rt f\u00f6rb\u00e4ttrats, s\u00e5 att den minsta panel som REPS idag tillhandah\u00e5ller har en effekt om 405 Wp. Samma tekniska- och prisutveckling har skett \u00e4ven inom n\u00e4tinvertrar.<\/p>\n\n\n\n<p>Priset p\u00e5 solpaneler och n\u00e4tinvertrar \u00e4r idag p\u00e5 en s\u00e5dan niv\u00e5, att det inte enbart \u00e4r l\u00f6nsamt, att spara p\u00e5 sin egen elfaktura, utan prisniv\u00e5n \u00e4r rentav s\u00e5dan, att det  \u00e4ven i Finland g\u00f6rs storskaliga investeringar i solparker, som ger en hygglig avkastning p\u00e5 investerat kapital. \u00c4ven naturen tackar och Finland blir alltmer oberoende av importerad fossil energi.<\/p>\n\n\n\n<p>REPS importerar kontainervis med kvalitetssolpaneler av v\u00e4rldens st\u00f6rsta tillverkare, samtidigt som v\u00e5rt kunnande \u00e4ven utanf\u00f6r eln\u00e4tet st\u00e5r till v\u00e5ra kunders f\u00f6rfogande. I de nyaste hybridinvertrarna kombineras system f\u00f6r eln\u00e4t med batterisystemens oberoende. Branschen \u00e4r i en intressant utvecklingsfas och REPS \u00e4r aktivt med och driver denna utveckling.<\/p>\n\n\n\n<p>Vi f\u00f6r en st\u00e4ndig dialog med tillverkare, v\u00e5ra \u00e5terf\u00f6rs\u00e4ljare, installat\u00f6rer och med v\u00e5ra kunder f\u00f6r att st\u00e4ndigt utveckla oss och v\u00e5r verksamhet i en allt kunnigare riktning.<\/p>\n<\/div>\n<\/div>\n\n\n\n<div class=\"wp-block-columns is-layout-flex wp-container-core-columns-is-layout-9d6595d7 wp-block-columns-is-layout-flex\">\n<div class=\"wp-block-column is-layout-flow wp-block-column-is-layout-flow\"><\/div>\n<\/div>\n\n\n\n<div class=\"wp-block-columns is-layout-flex wp-container-core-columns-is-layout-9d6595d7 wp-block-columns-is-layout-flex\">\n<div class=\"wp-block-column is-layout-flow wp-block-column-is-layout-flow\"><\/div>\n\n\n\n<div class=\"wp-block-column is-layout-flow wp-block-column-is-layout-flow\">\n<figure class=\"wp-block-image size-large is-resized\"><img loading=\"lazy\" decoding=\"async\" src=\"https:\/\/reps.fi\/wp-content\/uploads\/2022\/11\/Johan-2016-859x1024.jpg\" alt=\"\" class=\"wp-image-360\" width=\"175\" height=\"209\" srcset=\"https:\/\/reps.fi\/wp-content\/uploads\/2022\/11\/Johan-2016-859x1024.jpg 859w, https:\/\/reps.fi\/wp-content\/uploads\/2022\/11\/Johan-2016-600x715.jpg 600w, https:\/\/reps.fi\/wp-content\/uploads\/2022\/11\/Johan-2016-252x300.jpg 252w, https:\/\/reps.fi\/wp-content\/uploads\/2022\/11\/Johan-2016-768x915.jpg 768w, https:\/\/reps.fi\/wp-content\/uploads\/2022\/11\/Johan-2016.jpg 880w\" sizes=\"auto, (max-width: 175px) 100vw, 175px\" \/><\/figure>\n\n\n\n<div style=\"height:9px\" aria-hidden=\"true\" class=\"wp-block-spacer\"><\/div>\n\n\n\n<p>Johan \u00c5minne, REPS Oy Ab<br>Grundare och styrelsens ordf\u00f6rande, DI<\/p>\n\n\n\n<div style=\"height:100px\" aria-hidden=\"true\" class=\"wp-block-spacer\"><\/div>\n<\/div>\n<\/div>\n","protected":false},"excerpt":{"rendered":"<p>REPS Oy Ab grundades \u00e5r 2005, d\u00e5 sinusinvertrarna var mogna f\u00f6r marknaden. Det var nu m\u00f6jligt, att f\u00e5 normal 230 V v\u00e4xelstr\u00f6m ut till holmar, \u00e4ven utanf\u00f6r det landsomfattande eln\u00e4tet. Under knappt tjugo \u00e5r har dessa invertersystem med batteribank blivit en del av det vardagliga stuglivet. REPS har aktivt bidragit till denna marknadsutveckling genom att &#8230; <a title=\"REPS Oy Ab som f\u00f6retag\" class=\"read-more\" href=\"https:\/\/reps.fi\/sv\/reps-oy-ab\/\" aria-label=\"L\u00e4s mer om REPS Oy Ab som f\u00f6retag\">L\u00e4s mer<\/a><\/p>\n","protected":false},"author":1,"featured_media":0,"parent":0,"menu_order":0,"comment_status":"closed","ping_status":"closed","template":"","meta":{"_acf_changed":false,"footnotes":""},"class_list":["post-992","page","type-page","status-publish"],"acf":[],"yoast_head":"<!-- This site is optimized with the Yoast SEO plugin v27.4 - https:\/\/yoast.com\/product\/yoast-seo-wordpress\/ -->\n<title>REPS Oy Ab som f\u00f6retag - REPS - Uusiutuvan energian tukkuri vuodesta 2005<\/title>\n<meta name=\"robots\" content=\"index, follow, max-snippet:-1, max-image-preview:large, max-video-preview:-1\" \/>\n<link rel=\"canonical\" href=\"https:\/\/reps.fi\/sv\/reps-oy-ab\/\" \/>\n<meta property=\"og:locale\" content=\"sv_SE\" \/>\n<meta property=\"og:type\" content=\"article\" \/>\n<meta property=\"og:title\" content=\"REPS Oy Ab som f\u00f6retag - REPS - Uusiutuvan energian tukkuri vuodesta 2005\" \/>\n<meta property=\"og:description\" content=\"REPS Oy Ab grundades \u00e5r 2005, d\u00e5 sinusinvertrarna var mogna f\u00f6r marknaden. Det var nu m\u00f6jligt, att f\u00e5 normal 230 V v\u00e4xelstr\u00f6m ut till holmar, \u00e4ven utanf\u00f6r det landsomfattande eln\u00e4tet. Under knappt tjugo \u00e5r har dessa invertersystem med batteribank blivit en del av det vardagliga stuglivet. REPS har aktivt bidragit till denna marknadsutveckling genom att ... L\u00e4s mer\" \/>\n<meta property=\"og:url\" content=\"https:\/\/reps.fi\/sv\/reps-oy-ab\/\" \/>\n<meta property=\"og:site_name\" content=\"REPS - Uusiutuvan energian tukkuri vuodesta 2005\" \/>\n<meta property=\"article:modified_time\" content=\"2022-12-20T13:56:51+00:00\" \/>\n<meta property=\"og:image\" content=\"https:\/\/reps.fi\/wp-content\/uploads\/2022\/11\/Background_1-768x1024.jpg\" \/>\n<meta name=\"twitter:card\" content=\"summary_large_image\" \/>\n<meta name=\"twitter:label1\" content=\"Ber\u00e4knad l\u00e4stid\" \/>\n\t<meta name=\"twitter:data1\" content=\"3 minuter\" \/>\n<script type=\"application\/ld+json\" class=\"yoast-schema-graph\">{\"@context\":\"https:\\\/\\\/schema.org\",\"@graph\":[{\"@type\":\"WebPage\",\"@id\":\"https:\\\/\\\/reps.fi\\\/sv\\\/reps-oy-ab\\\/\",\"url\":\"https:\\\/\\\/reps.fi\\\/sv\\\/reps-oy-ab\\\/\",\"name\":\"REPS Oy Ab som f\u00f6retag - REPS - Uusiutuvan energian tukkuri vuodesta 2005\",\"isPartOf\":{\"@id\":\"https:\\\/\\\/reps.fi\\\/#website\"},\"primaryImageOfPage\":{\"@id\":\"https:\\\/\\\/reps.fi\\\/sv\\\/reps-oy-ab\\\/#primaryimage\"},\"image\":{\"@id\":\"https:\\\/\\\/reps.fi\\\/sv\\\/reps-oy-ab\\\/#primaryimage\"},\"thumbnailUrl\":\"https:\\\/\\\/reps.fi\\\/wp-content\\\/uploads\\\/2022\\\/11\\\/Background_1-768x1024.jpg\",\"datePublished\":\"2022-11-30T14:07:14+00:00\",\"dateModified\":\"2022-12-20T13:56:51+00:00\",\"breadcrumb\":{\"@id\":\"https:\\\/\\\/reps.fi\\\/sv\\\/reps-oy-ab\\\/#breadcrumb\"},\"inLanguage\":\"sv-SE\",\"potentialAction\":[{\"@type\":\"ReadAction\",\"target\":[\"https:\\\/\\\/reps.fi\\\/sv\\\/reps-oy-ab\\\/\"]}]},{\"@type\":\"ImageObject\",\"inLanguage\":\"sv-SE\",\"@id\":\"https:\\\/\\\/reps.fi\\\/sv\\\/reps-oy-ab\\\/#primaryimage\",\"url\":\"https:\\\/\\\/reps.fi\\\/wp-content\\\/uploads\\\/2022\\\/11\\\/Background_1-768x1024.jpg\",\"contentUrl\":\"https:\\\/\\\/reps.fi\\\/wp-content\\\/uploads\\\/2022\\\/11\\\/Background_1-768x1024.jpg\"},{\"@type\":\"BreadcrumbList\",\"@id\":\"https:\\\/\\\/reps.fi\\\/sv\\\/reps-oy-ab\\\/#breadcrumb\",\"itemListElement\":[{\"@type\":\"ListItem\",\"position\":1,\"name\":\"Etusivu\",\"item\":\"https:\\\/\\\/reps.fi\\\/sv\\\/\"},{\"@type\":\"ListItem\",\"position\":2,\"name\":\"REPS Oy Ab som f\u00f6retag\"}]},{\"@type\":\"WebSite\",\"@id\":\"https:\\\/\\\/reps.fi\\\/#website\",\"url\":\"https:\\\/\\\/reps.fi\\\/\",\"name\":\"REPS - Uusiutuvan energian tukkuri vuodesta 2005\",\"description\":\"Kilpailukyky\u00e4 suorilla tehdashankinnoilla\",\"potentialAction\":[{\"@type\":\"SearchAction\",\"target\":{\"@type\":\"EntryPoint\",\"urlTemplate\":\"https:\\\/\\\/reps.fi\\\/?s={search_term_string}\"},\"query-input\":{\"@type\":\"PropertyValueSpecification\",\"valueRequired\":true,\"valueName\":\"search_term_string\"}}],\"inLanguage\":\"sv-SE\"}]}<\/script>\n<!-- \/ Yoast SEO plugin. -->","yoast_head_json":{"title":"REPS Oy Ab som f\u00f6retag - REPS - Uusiutuvan energian tukkuri vuodesta 2005","robots":{"index":"index","follow":"follow","max-snippet":"max-snippet:-1","max-image-preview":"max-image-preview:large","max-video-preview":"max-video-preview:-1"},"canonical":"https:\/\/reps.fi\/sv\/reps-oy-ab\/","og_locale":"sv_SE","og_type":"article","og_title":"REPS Oy Ab som f\u00f6retag - REPS - Uusiutuvan energian tukkuri vuodesta 2005","og_description":"REPS Oy Ab grundades \u00e5r 2005, d\u00e5 sinusinvertrarna var mogna f\u00f6r marknaden. Det var nu m\u00f6jligt, att f\u00e5 normal 230 V v\u00e4xelstr\u00f6m ut till holmar, \u00e4ven utanf\u00f6r det landsomfattande eln\u00e4tet. Under knappt tjugo \u00e5r har dessa invertersystem med batteribank blivit en del av det vardagliga stuglivet. REPS har aktivt bidragit till denna marknadsutveckling genom att ... L\u00e4s mer","og_url":"https:\/\/reps.fi\/sv\/reps-oy-ab\/","og_site_name":"REPS - Uusiutuvan energian tukkuri vuodesta 2005","article_modified_time":"2022-12-20T13:56:51+00:00","og_image":[{"url":"https:\/\/reps.fi\/wp-content\/uploads\/2022\/11\/Background_1-768x1024.jpg","type":"","width":"","height":""}],"twitter_card":"summary_large_image","twitter_misc":{"Ber\u00e4knad l\u00e4stid":"3 minuter"},"schema":{"@context":"https:\/\/schema.org","@graph":[{"@type":"WebPage","@id":"https:\/\/reps.fi\/sv\/reps-oy-ab\/","url":"https:\/\/reps.fi\/sv\/reps-oy-ab\/","name":"REPS Oy Ab som f\u00f6retag - REPS - Uusiutuvan energian tukkuri vuodesta 2005","isPartOf":{"@id":"https:\/\/reps.fi\/#website"},"primaryImageOfPage":{"@id":"https:\/\/reps.fi\/sv\/reps-oy-ab\/#primaryimage"},"image":{"@id":"https:\/\/reps.fi\/sv\/reps-oy-ab\/#primaryimage"},"thumbnailUrl":"https:\/\/reps.fi\/wp-content\/uploads\/2022\/11\/Background_1-768x1024.jpg","datePublished":"2022-11-30T14:07:14+00:00","dateModified":"2022-12-20T13:56:51+00:00","breadcrumb":{"@id":"https:\/\/reps.fi\/sv\/reps-oy-ab\/#breadcrumb"},"inLanguage":"sv-SE","potentialAction":[{"@type":"ReadAction","target":["https:\/\/reps.fi\/sv\/reps-oy-ab\/"]}]},{"@type":"ImageObject","inLanguage":"sv-SE","@id":"https:\/\/reps.fi\/sv\/reps-oy-ab\/#primaryimage","url":"https:\/\/reps.fi\/wp-content\/uploads\/2022\/11\/Background_1-768x1024.jpg","contentUrl":"https:\/\/reps.fi\/wp-content\/uploads\/2022\/11\/Background_1-768x1024.jpg"},{"@type":"BreadcrumbList","@id":"https:\/\/reps.fi\/sv\/reps-oy-ab\/#breadcrumb","itemListElement":[{"@type":"ListItem","position":1,"name":"Etusivu","item":"https:\/\/reps.fi\/sv\/"},{"@type":"ListItem","position":2,"name":"REPS Oy Ab som f\u00f6retag"}]},{"@type":"WebSite","@id":"https:\/\/reps.fi\/#website","url":"https:\/\/reps.fi\/","name":"REPS - Uusiutuvan energian tukkuri vuodesta 2005","description":"Kilpailukyky\u00e4 suorilla tehdashankinnoilla","potentialAction":[{"@type":"SearchAction","target":{"@type":"EntryPoint","urlTemplate":"https:\/\/reps.fi\/?s={search_term_string}"},"query-input":{"@type":"PropertyValueSpecification","valueRequired":true,"valueName":"search_term_string"}}],"inLanguage":"sv-SE"}]}},"_links":{"self":[{"href":"https:\/\/reps.fi\/sv\/wp-json\/wp\/v2\/pages\/992","targetHints":{"allow":["GET"]}}],"collection":[{"href":"https:\/\/reps.fi\/sv\/wp-json\/wp\/v2\/pages"}],"about":[{"href":"https:\/\/reps.fi\/sv\/wp-json\/wp\/v2\/types\/page"}],"author":[{"embeddable":true,"href":"https:\/\/reps.fi\/sv\/wp-json\/wp\/v2\/users\/1"}],"replies":[{"embeddable":true,"href":"https:\/\/reps.fi\/sv\/wp-json\/wp\/v2\/comments?post=992"}],"version-history":[{"count":3,"href":"https:\/\/reps.fi\/sv\/wp-json\/wp\/v2\/pages\/992\/revisions"}],"predecessor-version":[{"id":1074,"href":"https:\/\/reps.fi\/sv\/wp-json\/wp\/v2\/pages\/992\/revisions\/1074"}],"wp:attachment":[{"href":"https:\/\/reps.fi\/sv\/wp-json\/wp\/v2\/media?parent=992"}],"curies":[{"name":"wp","href":"https:\/\/api.w.org\/{rel}","templated":true}]}}